{"id":3235,"date":"2021-08-09T14:36:54","date_gmt":"2021-08-09T14:36:54","guid":{"rendered":"https:\/\/globefarer.qodeinteractive.com\/?page_id=3235"},"modified":"2022-06-30T11:45:35","modified_gmt":"2022-06-30T11:45:35","slug":"get-in-touch","status":"publish","type":"page","link":"https:\/\/siminkogroup.com\/index.php\/get-in-touch\/","title":{"rendered":"Get in Touch"},"content":{"rendered":"\t\t<div data-elementor-type=\"wp-page\" data-elementor-id=\"3235\" class=\"elementor elementor-3235\">\n\t\t\t\t\t\t\t\t\t<section class=\"elementor-section elementor-top-section elementor-element elementor-element-fe9070d qodef-elementor-content-grid elementor-section-boxed elementor-section-height-default elementor-section-height-default\" data-id=\"fe9070d\" data-element_type=\"section\" data-settings=\"{&quot;_ha_eqh_enable&quot;:false}\">\n\t\t\t\t\t\t<div class=\"elementor-container elementor-column-gap-default\">\n\t\t\t\t\t<div class=\"elementor-column elementor-col-50 elementor-top-column elementor-element elementor-element-37162f8\" data-id=\"37162f8\" data-element_type=\"column\">\n\t\t\t<div class=\"elementor-widget-wrap elementor-element-populated\">\n\t\t\t\t\t\t\t\t<div class=\"elementor-element elementor-element-8806f68 elementor-widget-tablet__width-inherit elementor-widget elementor-widget-globefarer_core_section_title\" data-id=\"8806f68\" data-element_type=\"widget\" data-widget_type=\"globefarer_core_section_title.default\">\n\t\t\t\t<div class=\"elementor-widget-container\">\n\t\t\t<div class=\"qodef-shortcode qodef-m  qodef-section-title qodef-alignment--left   qodef-appear-animation--no\">\n\t\t\t<h1 class=\"qodef-m-title\" >\n\t\t\t\t\tOur Company provides multiple solutions for your business\t\t\t<\/h1>\n\t\t<\/div>\n\t\t<\/div>\n\t\t\t\t<\/div>\n\t\t\t\t\t<\/div>\n\t\t<\/div>\n\t\t\t\t<div class=\"elementor-column elementor-col-50 elementor-top-column elementor-element elementor-element-52f815d\" data-id=\"52f815d\" data-element_type=\"column\">\n\t\t\t<div class=\"elementor-widget-wrap\">\n\t\t\t\t\t\t\t\t\t<\/div>\n\t\t<\/div>\n\t\t\t\t\t\t\t<\/div>\n\t\t<\/section>\n\t\t\t\t<section class=\"elementor-section elementor-top-section elementor-element elementor-element-406f8db qodef-elementor-content-grid elementor-section-boxed elementor-section-height-default elementor-section-height-default\" data-id=\"406f8db\" data-element_type=\"section\" data-settings=\"{&quot;_ha_eqh_enable&quot;:false}\">\n\t\t\t\t\t\t<div class=\"elementor-container elementor-column-gap-default\">\n\t\t\t\t\t<div class=\"elementor-column elementor-col-50 elementor-top-column elementor-element elementor-element-1124df3\" data-id=\"1124df3\" data-element_type=\"column\" data-settings=\"{&quot;background_background&quot;:&quot;classic&quot;}\">\n\t\t\t<div class=\"elementor-widget-wrap\">\n\t\t\t\t\t\t\t\t\t<\/div>\n\t\t<\/div>\n\t\t\t\t<div class=\"elementor-column elementor-col-50 elementor-top-column elementor-element elementor-element-bcc5ebd\" data-id=\"bcc5ebd\" data-element_type=\"column\">\n\t\t\t<div class=\"elementor-widget-wrap elementor-element-populated\">\n\t\t\t\t\t\t\t\t<div class=\"elementor-element elementor-element-764dcbb elementor-widget__width-initial elementor-widget-tablet__width-inherit elementor-widget elementor-widget-globefarer_core_call_to_action\" data-id=\"764dcbb\" data-element_type=\"widget\" data-widget_type=\"globefarer_core_call_to_action.default\">\n\t\t\t\t<div class=\"elementor-widget-container\">\n\t\t\t<div class=\"qodef-shortcode qodef-m  qodef-call-to-action qodef-layout--standard qodef-appear-animation--yes\">\n\t<div class=\"qodef-m-content\">\n    <div class=\"qodef-m-content-mask\">\n        \t<h3 class=\"qodef-m-title\">\n\t\tNeed to get in touch with us?\t<\/h3>\n    <\/div>\n<\/div>\n<div class=\"qodef-m-button-mask\">\n    \t<a class=\"qodef-shortcode qodef-m qodef-m-button qodef-button qodef-layout--filled  qodef-html--link\" href=\"#contact-form\" target=\"_self\"  >\t\t\t<span class=\"qodef-m-button-icon\"><svg class=\"qodef-svg--plus\" xmlns=\"http:\/\/www.w3.org\/2000\/svg\" xmlns:xlink=\"http:\/\/www.w3.org\/1999\/xlink\" width=\"14\" height=\"14\" viewBox=\"0 0 14 14\"><path class=\"qodef-m-horizontal\" d=\"M0,0H14V2H0Z\" transform=\"translate(0 6)\" \/><path class=\"qodef-m-vertical\" d=\"M0,0H2V14H0Z\" transform=\"translate(6)\" \/><\/svg><\/span>\t\t\t\t<span class=\"qodef-m-button-text\">Contact Us<\/span>\t<\/a><\/div>\n<\/div>\n\t\t<\/div>\n\t\t\t\t<\/div>\n\t\t\t\t\t<\/div>\n\t\t<\/div>\n\t\t\t\t\t\t\t<\/div>\n\t\t<\/section>\n\t\t\t\t<section class=\"elementor-section elementor-top-section elementor-element elementor-element-7c560f4 elementor-section-full_width elementor-section-height-default elementor-section-height-default qodef-elementor-content-no\" data-id=\"7c560f4\" data-element_type=\"section\" data-settings=\"{&quot;_ha_eqh_enable&quot;:false}\">\n\t\t\t\t\t\t<div class=\"elementor-container elementor-column-gap-no\">\n\t\t\t\t\t<div class=\"elementor-column elementor-col-100 elementor-top-column elementor-element elementor-element-d9837a0\" data-id=\"d9837a0\" data-element_type=\"column\">\n\t\t\t<div class=\"elementor-widget-wrap elementor-element-populated\">\n\t\t\t\t\t\t\t\t<div class=\"elementor-element elementor-element-1befe17 elementor-widget elementor-widget-globefarer_core_google_map\" data-id=\"1befe17\" data-element_type=\"widget\" data-widget_type=\"globefarer_core_google_map.default\">\n\t\t\t\t<div class=\"elementor-widget-container\">\n\t\t\t<div class=\"qodef-shortcode qodef-m  qodef-google-map\">\n\t<div class=\"qodef-m-map\" id=\"qodef-map-id--286\" data-addresses='[\"https:\/\/www.google.com\/maps\/place\/Pitkin+Ave,+Brooklyn,+NY,+USA\/@40.6744164,-73.8812223,17z\/data=!3m1!4b1!4m5!3m4!1s0x89c25db047b4d133:0x22abf5527f7c7e0a!8m2!3d40.6744124!4d-73.8790336\"]' data-pin=https:\/\/siminkogroup.com\/wp-content\/uploads\/2021\/08\/Pin.png data-unique-id=286 data-height=700><\/div>\n<\/div>\n\t\t<\/div>\n\t\t\t\t<\/div>\n\t\t\t\t\t<\/div>\n\t\t<\/div>\n\t\t\t\t\t\t\t<\/div>\n\t\t<\/section>\n\t\t\t\t<section class=\"elementor-section elementor-top-section elementor-element elementor-element-d3db1c5 elementor-section-full_width qodef-elementor-content-grid elementor-section-height-default elementor-section-height-default\" data-id=\"d3db1c5\" data-element_type=\"section\" data-settings=\"{&quot;_ha_eqh_enable&quot;:false}\">\n\t\t\t\t\t\t<div class=\"elementor-container elementor-column-gap-no\">\n\t\t\t\t\t<div class=\"elementor-column elementor-col-50 elementor-top-column elementor-element elementor-element-425ca96\" data-id=\"425ca96\" data-element_type=\"column\">\n\t\t\t<div class=\"elementor-widget-wrap elementor-element-populated\">\n\t\t\t\t\t\t\t\t<div class=\"elementor-element elementor-element-66bfc3e elementor-widget elementor-widget-globefarer_core_section_title\" data-id=\"66bfc3e\" data-element_type=\"widget\" data-widget_type=\"globefarer_core_section_title.default\">\n\t\t\t\t<div class=\"elementor-widget-container\">\n\t\t\t<div class=\"qodef-shortcode qodef-m  qodef-section-title qodef-alignment--left   qodef-appear-animation--no\">\n\t\t\t<h2 class=\"qodef-m-title\" >\n\t\t\t\t\tGet in touch with us\t\t\t<\/h2>\n\t\t<p class=\"qodef-m-text\" style=\"margin-top: 27px\">If you have any questions, just fill out the form and we will reach out to you shortly. If you live close, come visit us at our comfortable office.<\/p>\n\t<\/div>\n\t\t<\/div>\n\t\t\t\t<\/div>\n\t\t\t\t<div class=\"elementor-element elementor-element-8dcb04c elementor-widget__width-initial elementor-widget-mobile__width-inherit elementor-widget elementor-widget-globefarer_core_contact_info\" data-id=\"8dcb04c\" data-element_type=\"widget\" data-widget_type=\"globefarer_core_contact_info.default\">\n\t\t\t\t<div class=\"elementor-widget-container\">\n\t\t\t<div class=\"qodef-shortcode qodef-m  qodef-contact-info qodef-layout--type-2 \">\n\t\t<div class=\"qodef-m-phone\">\n\t\t\t<h6 class=\"qodef-m-phone-tagline\">\n\t\tPhone\t<\/h6>\n\t\t<h2 class=\"qodef-m-phone-item\">\t<a itemprop=\"telephone\" href=\"tel:+905416337882\">\n\t\t+90 541 633 78 82\t<\/a>\n\t<\/h2>\t<\/div>\n<div class=\"qodef-m-address-email\">\n\t\t\t<div class=\"qodef-m-address\">\n\t\t\t\t<h6 class=\"qodef-m-address-tagline\">\n\t\tOur Location\t<\/h6>\n\t<h5 class=\"qodef-m-address-item\">\tBalabana\u011fa Mah. B\u00fcy\u00fck Re\u015fi\u0307tpa\u015fa Cad. No: 36 I\u0307\u00e7 Kapi ,\nNo: 303 Fati\u0307h\/ I\u0307stanbul\t<\/h5>\t\t<\/div>\n\t\t\t\t<div class=\"qodef-m-email\">\n\t\t\t\t<h6 class=\"qodef-m-email-tagline\">\n\t\tEmail\t<\/h6>\n\t<h5 class=\"qodef-m-email-item\">\t<a itemprop=\"email\" href=\"mailto:info@siminkogroup.com\">\n\t\tinfo@siminkogroup.com\t<\/a>\n\t<\/h5>\t\t<\/div>\n\t<\/div>\n<\/div>\n\t\t<\/div>\n\t\t\t\t<\/div>\n\t\t\t\t\t<\/div>\n\t\t<\/div>\n\t\t\t\t<div class=\"elementor-column elementor-col-50 elementor-top-column elementor-element elementor-element-ca1997c\" data-id=\"ca1997c\" data-element_type=\"column\" id=\"contact-form\">\n\t\t\t<div class=\"elementor-widget-wrap elementor-element-populated\">\n\t\t\t\t\t\t\t\t<div class=\"elementor-element elementor-element-69db32f elementor-widget elementor-widget-wp-widget-globefarer_core_contact_form_7\" data-id=\"69db32f\" data-element_type=\"widget\" data-widget_type=\"wp-widget-globefarer_core_contact_form_7.default\">\n\t\t\t\t<div class=\"elementor-widget-container\">\n\t\t\t\t\t\t<div class=\"qodef-contact-form-7\">\n\t\t\t\t<div class=\"wpcf7 no-js\" id=\"wpcf7-f2429-o1\" lang=\"en-US\" dir=\"ltr\">\n<div class=\"screen-reader-response\"><p role=\"status\" aria-live=\"polite\" aria-atomic=\"true\"><\/p> <ul><\/ul><\/div>\n<form action=\"\/index.php\/wp-json\/wp\/v2\/pages\/3235#wpcf7-f2429-o1\" method=\"post\" class=\"wpcf7-form init\" aria-label=\"Contact form\" novalidate=\"novalidate\" data-status=\"init\">\n<div style=\"display: none;\">\n<input type=\"hidden\" name=\"_wpcf7\" value=\"2429\" \/>\n<input type=\"hidden\" name=\"_wpcf7_version\" value=\"5.7.2\" \/>\n<input type=\"hidden\" name=\"_wpcf7_locale\" value=\"en_US\" \/>\n<input type=\"hidden\" name=\"_wpcf7_unit_tag\" value=\"wpcf7-f2429-o1\" \/>\n<input type=\"hidden\" name=\"_wpcf7_container_post\" value=\"0\" \/>\n<input type=\"hidden\" name=\"_wpcf7_posted_data_hash\" value=\"\" \/>\n<\/div>\n<div class=\"qodef-m-input\">\n<div class=\"qodef-m-input-holder\"><label><span class=\"qodef-m-input-label\">Your Name<\/span><span class=\"wpcf7-form-control-wrap\" data-name=\"name\"><input size=\"40\" class=\"wpcf7-form-control wpcf7-text wpcf7-validates-as-required\" aria-required=\"true\" aria-invalid=\"false\" value=\"\" type=\"text\" name=\"name\" \/><\/span><\/label><\/div>\n<div class=\"qodef-m-input-holder\"><label><span class=\"qodef-m-input-label\">Your eMail<\/span><span class=\"wpcf7-form-control-wrap\" data-name=\"email\"><input size=\"40\" class=\"wpcf7-form-control wpcf7-text wpcf7-validates-as-required\" aria-required=\"true\" aria-invalid=\"false\" value=\"\" type=\"text\" name=\"email\" \/><\/span><\/label><\/div>\n<div class=\"qodef-m-input-holder\"><label><span class=\"qodef-m-input-label\">Message<\/span><span class=\"wpcf7-form-control-wrap\" data-name=\"message\"><textarea cols=\"40\" rows=\"5\" class=\"wpcf7-form-control wpcf7-textarea wpcf7-validates-as-required\" aria-required=\"true\" aria-invalid=\"false\" name=\"message\"><\/textarea><\/span><\/label><\/div>\n<div class=\"qodef-m-input-buttons\">\n<button class=\"wpcf7-form-control wpcf7-submit qodef-button qodef-size--normal qodef-layout--filled qodef-m\" type=\"submit\"><span class=\"qodef-m-button-icon\"><svg class=\"qodef-svg--plus\" xmlns=\"http:\/\/www.w3.org\/2000\/svg\" xmlns:xlink=\"http:\/\/www.w3.org\/1999\/xlink\" width=\"14\" height=\"14\" viewBox=\"0 0 14 14\"><path class=\"qodef-m-horizontal\" d=\"M0,0H14V2H0Z\" transform=\"translate(0 6)\" \/><path class=\"qodef-m-vertical\" d=\"M0,0H2V14H0Z\" transform=\"translate(6)\" \/><\/svg><\/span><span class=\"qodef-m-button-text\">Send Message<\/span><\/button><\/div>\n<\/div><div class=\"wpcf7-response-output\" aria-hidden=\"true\"><\/div><\/form><\/div>\t\t\t<\/div>\n\t\t\t\t\t<\/div>\n\t\t\t\t<\/div>\n\t\t\t\t\t<\/div>\n\t\t<\/div>\n\t\t\t\t\t\t\t<\/div>\n\t\t<\/section>\n\t\t\t\t<section class=\"elementor-section elementor-top-section elementor-element elementor-element-5e27894 qodef-elementor-content-grid elementor-section-boxed elementor-section-height-default elementor-section-height-default\" data-id=\"5e27894\" data-element_type=\"section\" data-settings=\"{&quot;_ha_eqh_enable&quot;:false}\">\n\t\t\t\t\t\t<div class=\"elementor-container elementor-column-gap-default\">\n\t\t\t\t\t<div class=\"elementor-column elementor-col-50 elementor-top-column elementor-element elementor-element-8756aca\" data-id=\"8756aca\" data-element_type=\"column\">\n\t\t\t<div class=\"elementor-widget-wrap elementor-element-populated\">\n\t\t\t\t\t\t\t\t<div class=\"elementor-element elementor-element-53701d1 elementor-widget__width-initial elementor-widget-tablet__width-inherit elementor-widget elementor-widget-globefarer_core_section_title\" data-id=\"53701d1\" data-element_type=\"widget\" data-widget_type=\"globefarer_core_section_title.default\">\n\t\t\t\t<div class=\"elementor-widget-container\">\n\t\t\t<div class=\"qodef-shortcode qodef-m  qodef-section-title qodef-alignment--left   qodef-appear-animation--no\">\n\t\t\t<h2 class=\"qodef-m-title\" >\n\t\t\t\t\tWe guarantee fast and safe transport for your packages \t\t\t<\/h2>\n\t\t<\/div>\n\t\t<\/div>\n\t\t\t\t<\/div>\n\t\t\t\t\t<\/div>\n\t\t<\/div>\n\t\t\t\t<div class=\"elementor-column elementor-col-50 elementor-top-column elementor-element elementor-element-962b1e8\" data-id=\"962b1e8\" data-element_type=\"column\">\n\t\t\t<div class=\"elementor-widget-wrap elementor-element-populated\">\n\t\t\t\t\t\t\t\t<section class=\"elementor-section elementor-inner-section elementor-element elementor-element-0ea4559 elementor-section-boxed elementor-section-height-default elementor-section-height-default qodef-elementor-content-no\" data-id=\"0ea4559\" data-element_type=\"section\" data-settings=\"{&quot;_ha_eqh_enable&quot;:false}\">\n\t\t\t\t\t\t<div class=\"elementor-container elementor-column-gap-default\">\n\t\t\t\t\t<div class=\"elementor-column elementor-col-50 elementor-inner-column elementor-element elementor-element-4ecca9a\" data-id=\"4ecca9a\" data-element_type=\"column\">\n\t\t\t<div class=\"elementor-widget-wrap elementor-element-populated\">\n\t\t\t\t\t\t\t\t<div class=\"elementor-element elementor-element-7a3a147 elementor-widget elementor-widget-text-editor\" data-id=\"7a3a147\" data-element_type=\"widget\" data-widget_type=\"text-editor.default\">\n\t\t\t\t<div class=\"elementor-widget-container\">\n\t\t\t<style>\/*! elementor - v3.9.2 - 21-12-2022 *\/\n.elementor-widget-text-editor.elementor-drop-cap-view-stacked .elementor-drop-cap{background-color:#818a91;color:#fff}.elementor-widget-text-editor.elementor-drop-cap-view-framed .elementor-drop-cap{color:#818a91;border:3px solid;background-color:transparent}.elementor-widget-text-editor:not(.elementor-drop-cap-view-default) .elementor-drop-cap{margin-top:8px}.elementor-widget-text-editor:not(.elementor-drop-cap-view-default) .elementor-drop-cap-letter{width:1em;height:1em}.elementor-widget-text-editor .elementor-drop-cap{float:left;text-align:center;line-height:1;font-size:50px}.elementor-widget-text-editor .elementor-drop-cap-letter{display:inline-block}<\/style>\t\t\t\t<h4>Import\/Export<\/h4><div id=\"WRWHOISInstalled\" style=\"display: none;\">\u00a0<\/div>\t\t\t\t\t\t<\/div>\n\t\t\t\t<\/div>\n\t\t\t\t<div class=\"elementor-element elementor-element-5b152cd elementor-widget__width-initial elementor-widget elementor-widget-text-editor\" data-id=\"5b152cd\" data-element_type=\"widget\" data-widget_type=\"text-editor.default\">\n\t\t\t\t<div class=\"elementor-widget-container\">\n\t\t\t\t\t\t\t<p><span style=\"color: rgb(91, 91, 91); font-family: Sarabun, sans-serif; background-color: rgb(255, 255, 255);\">Our company will be in the business of import-export products and will provide consultancy and other services. We offer valiable commodities and distribution of exported goods and services that are on demand both local and international.<\/span><br><\/p>\n<div id=\"WRWHOISInstalled\" style=\"display: none;\">&nbsp;<\/div>\t\t\t\t\t\t<\/div>\n\t\t\t\t<\/div>\n\t\t\t\t\t<\/div>\n\t\t<\/div>\n\t\t\t\t<div class=\"elementor-column elementor-col-50 elementor-inner-column elementor-element elementor-element-3aad043\" data-id=\"3aad043\" data-element_type=\"column\">\n\t\t\t<div class=\"elementor-widget-wrap elementor-element-populated\">\n\t\t\t\t\t\t\t\t<div class=\"elementor-element elementor-element-70b41cd elementor-widget elementor-widget-text-editor\" data-id=\"70b41cd\" data-element_type=\"widget\" data-widget_type=\"text-editor.default\">\n\t\t\t\t<div class=\"elementor-widget-container\">\n\t\t\t\t\t\t\t<h4>Logistics<\/h4>\t\t\t\t\t\t<\/div>\n\t\t\t\t<\/div>\n\t\t\t\t<div class=\"elementor-element elementor-element-b7f4e90 elementor-widget__width-initial elementor-widget elementor-widget-text-editor\" data-id=\"b7f4e90\" data-element_type=\"widget\" data-widget_type=\"text-editor.default\">\n\t\t\t\t<div class=\"elementor-widget-container\">\n\t\t\t\t\t\t\t<p><span style=\"color: #5b5b5b; font-family: Sarabun, sans-serif; background-color: #ffffff;\">Siminko logistics is committed to service according to the requirements of the clients with respect and dedication. We plan and manage our customers resources to ensure effective distribution , transportation, and storage of protucts depending on the clients logistical needs.<\/span><\/p>\t\t\t\t\t\t<\/div>\n\t\t\t\t<\/div>\n\t\t\t\t\t<\/div>\n\t\t<\/div>\n\t\t\t\t\t\t\t<\/div>\n\t\t<\/section>\n\t\t\t\t\t<\/div>\n\t\t<\/div>\n\t\t\t\t\t\t\t<\/div>\n\t\t<\/section>\n\t\t\t\t\t\t\t<\/div>\n\t\t","protected":false},"excerpt":{"rendered":"<p>Our Company provides multiple solutions for your business Need to get in touch with us? Contact Us Get in touch with us If you have any questions, just fill out the form and we will reach out to you shortly. If you live close, come visit us at our comfortable office. Phone +90 541 633 [&hellip;]<\/p>\n","protected":false},"author":1,"featured_media":0,"parent":0,"menu_order":0,"comment_status":"closed","ping_status":"closed","template":"page-full-width.php","meta":{"om_disable_all_campaigns":false,"_monsterinsights_skip_tracking":false,"_monsterinsights_sitenote_active":false,"_monsterinsights_sitenote_note":"","_monsterinsights_sitenote_category":0},"folder":[],"aioseo_notices":[],"_links":{"self":[{"href":"https:\/\/siminkogroup.com\/index.php\/wp-json\/wp\/v2\/pages\/3235"}],"collection":[{"href":"https:\/\/siminkogroup.com\/index.php\/wp-json\/wp\/v2\/pages"}],"about":[{"href":"https:\/\/siminkogroup.com\/index.php\/wp-json\/wp\/v2\/types\/page"}],"author":[{"embeddable":true,"href":"https:\/\/siminkogroup.com\/index.php\/wp-json\/wp\/v2\/users\/1"}],"replies":[{"embeddable":true,"href":"https:\/\/siminkogroup.com\/index.php\/wp-json\/wp\/v2\/comments?post=3235"}],"version-history":[{"count":15,"href":"https:\/\/siminkogroup.com\/index.php\/wp-json\/wp\/v2\/pages\/3235\/revisions"}],"predecessor-version":[{"id":8060,"href":"https:\/\/siminkogroup.com\/index.php\/wp-json\/wp\/v2\/pages\/3235\/revisions\/8060"}],"wp:attachment":[{"href":"https:\/\/siminkogroup.com\/index.php\/wp-json\/wp\/v2\/media?parent=3235"}],"wp:term":[{"taxonomy":"folder","embeddable":true,"href":"https:\/\/siminkogroup.com\/index.php\/wp-json\/wp\/v2\/folder?post=3235"}],"curies":[{"name":"wp","href":"https:\/\/api.w.org\/{rel}","templated":true}]}}